{"id":755,"date":"2026-01-28T07:41:30","date_gmt":"2026-01-28T07:41:30","guid":{"rendered":"https:\/\/promagrisad-humundi.org\/?page_id=755"},"modified":"2026-01-28T09:55:15","modified_gmt":"2026-01-28T09:55:15","slug":"lingala","status":"publish","type":"page","link":"https:\/\/promagrisad-humundi.org\/fr\/film\/lingala\/","title":{"rendered":"Lingala"},"content":{"rendered":"\t\t<div data-elementor-type=\"wp-page\" data-elementor-id=\"755\" class=\"elementor elementor-755\" data-elementor-post-type=\"page\">\n\t\t\t\t\t\t<section class=\"elementor-section elementor-top-section elementor-element elementor-element-8ecf9f7 elementor-section-height-min-height elementor-section-boxed elementor-section-height-default elementor-section-items-middle\" data-id=\"8ecf9f7\" data-element_type=\"section\" data-e-type=\"section\" data-settings=\"{&quot;background_background&quot;:&quot;classic&quot;}\">\n\t\t\t\t\t\t\t<div class=\"elementor-background-overlay\"><\/div>\n\t\t\t\t\t\t\t<div class=\"elementor-container elementor-column-gap-no\">\n\t\t\t\t\t<div class=\"elementor-column elementor-col-100 elementor-top-column elementor-element elementor-element-4d5c0f0\" data-id=\"4d5c0f0\" data-element_type=\"column\" data-e-type=\"column\">\n\t\t\t<div class=\"elementor-widget-wrap elementor-element-populated\">\n\t\t\t\t\t\t<section class=\"elementor-section elementor-inner-section elementor-element elementor-element-9f82aab elementor-section-boxed elementor-section-height-default elementor-section-height-default\" data-id=\"9f82aab\" data-element_type=\"section\" data-e-type=\"section\">\n\t\t\t\t\t\t<div class=\"elementor-container elementor-column-gap-default\">\n\t\t\t\t\t<div class=\"elementor-column elementor-col-100 elementor-inner-column elementor-element elementor-element-c5031e2\" data-id=\"c5031e2\" data-element_type=\"column\" data-e-type=\"column\">\n\t\t\t<div class=\"elementor-widget-wrap elementor-element-populated\">\n\t\t\t\t\t\t<div class=\"elementor-element elementor-element-6bb18a6 elementor-align-center elementor-widget elementor-widget-breadcrumbs\" data-id=\"6bb18a6\" data-element_type=\"widget\" data-e-type=\"widget\" data-widget_type=\"breadcrumbs.default\">\n\t\t\t\t\t<p id=\"breadcrumbs\"><span><span><a href=\"https:\/\/promagrisad-humundi.org\/\">Accueil<\/a><\/span><\/span><\/p>\t\t\t\t<\/div>\n\t\t\t\t\t<\/div>\n\t\t<\/div>\n\t\t\t\t\t<\/div>\n\t\t<\/section>\n\t\t\t\t\t<\/div>\n\t\t<\/div>\n\t\t\t\t\t<\/div>\n\t\t<\/section>\n\t\t\t\t<section class=\"elementor-section elementor-top-section elementor-element elementor-element-1ce937a elementor-section-boxed elementor-section-height-default elementor-section-height-default\" data-id=\"1ce937a\" data-element_type=\"section\" data-e-type=\"section\" id=\"promagrisad\" data-settings=\"{&quot;background_background&quot;:&quot;classic&quot;}\">\n\t\t\t\t\t\t\t<div class=\"elementor-background-overlay\"><\/div>\n\t\t\t\t\t\t\t<div class=\"elementor-container elementor-column-gap-no\">\n\t\t\t\t\t<div class=\"elementor-column elementor-col-100 elementor-top-column elementor-element elementor-element-9687ff6\" data-id=\"9687ff6\" data-element_type=\"column\" data-e-type=\"column\">\n\t\t\t<div class=\"elementor-widget-wrap elementor-element-populated\">\n\t\t\t\t\t\t<div class=\"elementor-element elementor-element-692a9fa elementor-widget elementor-widget-heading\" data-id=\"692a9fa\" data-element_type=\"widget\" data-e-type=\"widget\" data-widget_type=\"heading.default\">\n\t\t\t\t\t<h2 class=\"elementor-heading-title elementor-size-default\">Na Liziba, agro\u00e9cologie ezongisi mabele na centre : mobembo na motema ya compost oyo ezali ko changer vie ya ba jardiniers ya march\u00e9.<\/h2>\t\t\t\t<\/div>\n\t\t\t\t<div class=\"elementor-element elementor-element-976d70d elementor-widget elementor-widget-text-editor\" data-id=\"976d70d\" data-element_type=\"widget\" data-e-type=\"widget\" data-widget_type=\"text-editor.default\">\n\t\t\t\t\t\t\t\t\t<p>Na motema ya Kinshasa, na quartier Ndjili Brasserie, oasis moko ya vert ezali kokoma lisolo ya sika ya agriculture urbaine. Na centre agro\u00e9cologie ya Liziba, bosoto ya biologique ekomi compost, manure ya vert ezuaka esika ya ba pesticides, mpe ba jardiniers ya zando bazali kozongisa bomoi na mabele oyo esila banda kala.<\/p>\t\t\t\t\t\t\t\t<\/div>\n\t\t\t\t<div class=\"elementor-element elementor-element-fec7088 elementor-widget elementor-widget-text-editor\" data-id=\"fec7088\" data-element_type=\"widget\" data-e-type=\"widget\" data-widget_type=\"text-editor.default\">\n\t\t\t\t\t\t\t\t\t<p>Na Justin Kakule, formateur na centre, na Pascal Lukebadjo, jardinier ya march\u00e9 pendant zomi na mitano ya mbula, podcast oyo ezo immerger biso na transition concr\u00e8te : oyo ya agriculture congolaise oyo, na nzela ya ba pratiques simples et honr\u00e9es na tango, ezali ko d\u00e9couvrir lisusu nzela ya durability pe dignit\u00e9.<\/p>\t\t\t\t\t\t\t\t<\/div>\n\t\t\t\t<div class=\"elementor-element elementor-element-f080a17 elementor-widget elementor-widget-text-editor\" data-id=\"f080a17\" data-element_type=\"widget\" data-e-type=\"widget\" data-widget_type=\"text-editor.default\">\n\t\t\t\t\t\t\t\t\t<p>Etape oyo ekolanda ya mobembo oyo eko mema biso na Gemena, na Sud Ubangi, mpo na ko d\u00e9couvrir ba techniques artisanales oyo ezali ko transformer vie ya mokolo na mokolo ya ba producteurs.<\/p>\t\t\t\t\t\t\t\t<\/div>\n\t\t\t\t<div class=\"elementor-element elementor-element-0e729a2 elementor-widget elementor-widget-video\" data-id=\"0e729a2\" data-element_type=\"widget\" data-e-type=\"widget\" data-settings=\"{&quot;youtube_url&quot;:&quot;https:\\\/\\\/youtu.be\\\/tTmS-dpHS1k&quot;,&quot;show_image_overlay&quot;:&quot;yes&quot;,&quot;image_overlay&quot;:{&quot;url&quot;:&quot;https:\\\/\\\/promagrisad-humundi.org\\\/wp-content\\\/uploads\\\/2025\\\/11\\\/LAGROFORESTERIE.png&quot;,&quot;id&quot;:472,&quot;size&quot;:&quot;&quot;,&quot;alt&quot;:&quot;&quot;,&quot;source&quot;:&quot;library&quot;},&quot;video_type&quot;:&quot;youtube&quot;,&quot;controls&quot;:&quot;yes&quot;}\" data-widget_type=\"video.default\">\n\t\t\t\t\t\t\t<div class=\"elementor-wrapper elementor-open-inline\">\n\t\t\t<div class=\"elementor-video\"><\/div>\t\t\t\t<div class=\"elementor-custom-embed-image-overlay\" style=\"background-image: url(https:\/\/promagrisad-humundi.org\/wp-content\/uploads\/2025\/11\/LAGROFORESTERIE.png);\">\n\t\t\t\t\t\t\t\t\t\t\t\t\t\t\t\t<div class=\"elementor-custom-embed-play\" role=\"button\" aria-label=\"Lire la vid\u00e9o\" tabindex=\"0\">\n\t\t\t\t\t\t\t<svg aria-hidden=\"true\" class=\"e-font-icon-svg e-eicon-play\" viewBox=\"0 0 1000 1000\" xmlns=\"http:\/\/www.w3.org\/2000\/svg\"><path d=\"M838 162C746 71 633 25 500 25 371 25 258 71 163 162 71 254 25 367 25 500 25 633 71 746 163 837 254 929 367 979 500 979 633 979 746 933 838 837 929 746 975 633 975 500 975 367 929 254 838 162M808 192C892 279 933 379 933 500 933 621 892 725 808 808 725 892 621 938 500 938 379 938 279 896 196 808 113 725 67 621 67 500 67 379 108 279 196 192 279 108 383 62 500 62 621 62 721 108 808 192M438 392V642L642 517 438 392Z\"><\/path><\/svg>\t\t\t\t\t\t<\/div>\n\t\t\t\t\t\t\t\t\t<\/div>\n\t\t\t\t\t<\/div>\n\t\t\t\t\t\t<\/div>\n\t\t\t\t\t<\/div>\n\t\t<\/div>\n\t\t\t\t\t<\/div>\n\t\t<\/section>\n\t\t\t\t<\/div>\n\t\t","protected":false},"excerpt":{"rendered":"<p>Na Liziba, agro\u00e9cologie ezongisi mabele na centre : mobembo na motema ya compost oyo ezali ko changer vie ya ba jardiniers ya march\u00e9. Na motema ya Kinshasa, na quartier Ndjili Brasserie, oasis moko ya vert ezali kokoma lisolo ya sika ya agriculture urbaine. Na centre agro\u00e9cologie ya Liziba, bosoto ya biologique ekomi compost, manure ya [&hellip;]<\/p>\n","protected":false},"author":2,"featured_media":0,"parent":322,"menu_order":0,"comment_status":"closed","ping_status":"closed","template":"elementor_header_footer","meta":{"footnotes":""},"class_list":["post-755","page","type-page","status-publish","hentry"],"yoast_head":"<!-- This site is optimized with the Yoast SEO plugin v27.5 - https:\/\/yoast.com\/product\/yoast-seo-wordpress\/ -->\n<title>Lingala | #Promagrisad<\/title>\n<meta name=\"robots\" content=\"index, follow, max-snippet:-1, max-image-preview:large, max-video-preview:-1\" \/>\n<link rel=\"canonical\" href=\"https:\/\/promagrisad-humundi.org\/fr\/film\/lingala\/\" \/>\n<meta property=\"og:locale\" content=\"fr_FR\" \/>\n<meta property=\"og:type\" content=\"article\" \/>\n<meta property=\"og:title\" content=\"Lingala | #Promagrisad\" \/>\n<meta property=\"og:description\" content=\"Na Liziba, agro\u00e9cologie ezongisi mabele na centre : mobembo na motema ya compost oyo ezali ko changer vie ya ba jardiniers ya march\u00e9. Na motema ya Kinshasa, na quartier Ndjili Brasserie, oasis moko ya vert ezali kokoma lisolo ya sika ya agriculture urbaine. Na centre agro\u00e9cologie ya Liziba, bosoto ya biologique ekomi compost, manure ya [&hellip;]\" \/>\n<meta property=\"og:url\" content=\"https:\/\/promagrisad-humundi.org\/fr\/film\/lingala\/\" \/>\n<meta property=\"og:site_name\" content=\"#Promagrisad\" \/>\n<meta property=\"article:publisher\" content=\"https:\/\/www.facebook.com\/humundi.ngo\/\" \/>\n<meta property=\"article:modified_time\" content=\"2026-01-28T09:55:15+00:00\" \/>\n<meta name=\"twitter:card\" content=\"summary_large_image\" \/>\n<meta name=\"twitter:label1\" content=\"Dur\u00e9e de lecture estim\u00e9e\" \/>\n\t<meta name=\"twitter:data1\" content=\"1 minute\" \/>\n<script type=\"application\/ld+json\" class=\"yoast-schema-graph\">{\"@context\":\"https:\\\/\\\/schema.org\",\"@graph\":[{\"@type\":\"WebPage\",\"@id\":\"https:\\\/\\\/promagrisad-humundi.org\\\/film\\\/lingala\\\/\",\"url\":\"https:\\\/\\\/promagrisad-humundi.org\\\/film\\\/lingala\\\/\",\"name\":\"Lingala | #Promagrisad\",\"isPartOf\":{\"@id\":\"https:\\\/\\\/promagrisad-humundi.org\\\/#website\"},\"datePublished\":\"2026-01-28T07:41:30+00:00\",\"dateModified\":\"2026-01-28T09:55:15+00:00\",\"breadcrumb\":{\"@id\":\"https:\\\/\\\/promagrisad-humundi.org\\\/film\\\/lingala\\\/#breadcrumb\"},\"inLanguage\":\"fr-FR\",\"potentialAction\":[{\"@type\":\"ReadAction\",\"target\":[\"https:\\\/\\\/promagrisad-humundi.org\\\/film\\\/lingala\\\/\"]}]},{\"@type\":\"BreadcrumbList\",\"@id\":\"https:\\\/\\\/promagrisad-humundi.org\\\/film\\\/lingala\\\/#breadcrumb\",\"itemListElement\":[{\"@type\":\"ListItem\",\"position\":1,\"name\":\"Accueil\",\"item\":\"https:\\\/\\\/promagrisad-humundi.org\\\/\"},{\"@type\":\"ListItem\",\"position\":2,\"name\":\"Film\",\"item\":\"https:\\\/\\\/promagrisad-humundi.org\\\/film\\\/\"},{\"@type\":\"ListItem\",\"position\":3,\"name\":\"Lingala\"}]},{\"@type\":\"WebSite\",\"@id\":\"https:\\\/\\\/promagrisad-humundi.org\\\/#website\",\"url\":\"https:\\\/\\\/promagrisad-humundi.org\\\/\",\"name\":\"#Promagrisad\",\"description\":\"Agro\u00e9cologie en RDC : L\u2019agroforesterie comme avenir durable.\",\"publisher\":{\"@id\":\"https:\\\/\\\/promagrisad-humundi.org\\\/#organization\"},\"potentialAction\":[{\"@type\":\"SearchAction\",\"target\":{\"@type\":\"EntryPoint\",\"urlTemplate\":\"https:\\\/\\\/promagrisad-humundi.org\\\/?s={search_term_string}\"},\"query-input\":{\"@type\":\"PropertyValueSpecification\",\"valueRequired\":true,\"valueName\":\"search_term_string\"}}],\"inLanguage\":\"fr-FR\"},{\"@type\":\"Organization\",\"@id\":\"https:\\\/\\\/promagrisad-humundi.org\\\/#organization\",\"name\":\"#Promagrisad\",\"url\":\"https:\\\/\\\/promagrisad-humundi.org\\\/\",\"logo\":{\"@type\":\"ImageObject\",\"inLanguage\":\"fr-FR\",\"@id\":\"https:\\\/\\\/promagrisad-humundi.org\\\/#\\\/schema\\\/logo\\\/image\\\/\",\"url\":\"https:\\\/\\\/promagrisad-humundi.org\\\/wp-content\\\/uploads\\\/2025\\\/11\\\/PROMAGRISAD_LOGOS.png\",\"contentUrl\":\"https:\\\/\\\/promagrisad-humundi.org\\\/wp-content\\\/uploads\\\/2025\\\/11\\\/PROMAGRISAD_LOGOS.png\",\"width\":2340,\"height\":540,\"caption\":\"#Promagrisad\"},\"image\":{\"@id\":\"https:\\\/\\\/promagrisad-humundi.org\\\/#\\\/schema\\\/logo\\\/image\\\/\"},\"sameAs\":[\"https:\\\/\\\/www.facebook.com\\\/humundi.ngo\\\/\",\"https:\\\/\\\/www.instagram.com\\\/humundi_ong\",\"https:\\\/\\\/www.linkedin.com\\\/company\\\/humundi\\\/\",\"https:\\\/\\\/www.youtube.com\\\/@promagrisad\"]}]}<\/script>\n<!-- \/ Yoast SEO plugin. -->","yoast_head_json":{"title":"Lingala | #Promagrisad","robots":{"index":"index","follow":"follow","max-snippet":"max-snippet:-1","max-image-preview":"max-image-preview:large","max-video-preview":"max-video-preview:-1"},"canonical":"https:\/\/promagrisad-humundi.org\/fr\/film\/lingala\/","og_locale":"fr_FR","og_type":"article","og_title":"Lingala | #Promagrisad","og_description":"Na Liziba, agro\u00e9cologie ezongisi mabele na centre : mobembo na motema ya compost oyo ezali ko changer vie ya ba jardiniers ya march\u00e9. Na motema ya Kinshasa, na quartier Ndjili Brasserie, oasis moko ya vert ezali kokoma lisolo ya sika ya agriculture urbaine. Na centre agro\u00e9cologie ya Liziba, bosoto ya biologique ekomi compost, manure ya [&hellip;]","og_url":"https:\/\/promagrisad-humundi.org\/fr\/film\/lingala\/","og_site_name":"#Promagrisad","article_publisher":"https:\/\/www.facebook.com\/humundi.ngo\/","article_modified_time":"2026-01-28T09:55:15+00:00","twitter_card":"summary_large_image","twitter_misc":{"Dur\u00e9e de lecture estim\u00e9e":"1 minute"},"schema":{"@context":"https:\/\/schema.org","@graph":[{"@type":"WebPage","@id":"https:\/\/promagrisad-humundi.org\/film\/lingala\/","url":"https:\/\/promagrisad-humundi.org\/film\/lingala\/","name":"Lingala | #Promagrisad","isPartOf":{"@id":"https:\/\/promagrisad-humundi.org\/#website"},"datePublished":"2026-01-28T07:41:30+00:00","dateModified":"2026-01-28T09:55:15+00:00","breadcrumb":{"@id":"https:\/\/promagrisad-humundi.org\/film\/lingala\/#breadcrumb"},"inLanguage":"fr-FR","potentialAction":[{"@type":"ReadAction","target":["https:\/\/promagrisad-humundi.org\/film\/lingala\/"]}]},{"@type":"BreadcrumbList","@id":"https:\/\/promagrisad-humundi.org\/film\/lingala\/#breadcrumb","itemListElement":[{"@type":"ListItem","position":1,"name":"Accueil","item":"https:\/\/promagrisad-humundi.org\/"},{"@type":"ListItem","position":2,"name":"Film","item":"https:\/\/promagrisad-humundi.org\/film\/"},{"@type":"ListItem","position":3,"name":"Lingala"}]},{"@type":"WebSite","@id":"https:\/\/promagrisad-humundi.org\/#website","url":"https:\/\/promagrisad-humundi.org\/","name":"#Promagrisad","description":"Agro\u00e9cologie en RDC : L\u2019agroforesterie comme avenir durable.","publisher":{"@id":"https:\/\/promagrisad-humundi.org\/#organization"},"potentialAction":[{"@type":"SearchAction","target":{"@type":"EntryPoint","urlTemplate":"https:\/\/promagrisad-humundi.org\/?s={search_term_string}"},"query-input":{"@type":"PropertyValueSpecification","valueRequired":true,"valueName":"search_term_string"}}],"inLanguage":"fr-FR"},{"@type":"Organization","@id":"https:\/\/promagrisad-humundi.org\/#organization","name":"#Promagrisad","url":"https:\/\/promagrisad-humundi.org\/","logo":{"@type":"ImageObject","inLanguage":"fr-FR","@id":"https:\/\/promagrisad-humundi.org\/#\/schema\/logo\/image\/","url":"https:\/\/promagrisad-humundi.org\/wp-content\/uploads\/2025\/11\/PROMAGRISAD_LOGOS.png","contentUrl":"https:\/\/promagrisad-humundi.org\/wp-content\/uploads\/2025\/11\/PROMAGRISAD_LOGOS.png","width":2340,"height":540,"caption":"#Promagrisad"},"image":{"@id":"https:\/\/promagrisad-humundi.org\/#\/schema\/logo\/image\/"},"sameAs":["https:\/\/www.facebook.com\/humundi.ngo\/","https:\/\/www.instagram.com\/humundi_ong","https:\/\/www.linkedin.com\/company\/humundi\/","https:\/\/www.youtube.com\/@promagrisad"]}]}},"_links":{"self":[{"href":"https:\/\/promagrisad-humundi.org\/fr\/wp-json\/wp\/v2\/pages\/755","targetHints":{"allow":["GET"]}}],"collection":[{"href":"https:\/\/promagrisad-humundi.org\/fr\/wp-json\/wp\/v2\/pages"}],"about":[{"href":"https:\/\/promagrisad-humundi.org\/fr\/wp-json\/wp\/v2\/types\/page"}],"author":[{"embeddable":true,"href":"https:\/\/promagrisad-humundi.org\/fr\/wp-json\/wp\/v2\/users\/2"}],"replies":[{"embeddable":true,"href":"https:\/\/promagrisad-humundi.org\/fr\/wp-json\/wp\/v2\/comments?post=755"}],"version-history":[{"count":0,"href":"https:\/\/promagrisad-humundi.org\/fr\/wp-json\/wp\/v2\/pages\/755\/revisions"}],"up":[{"embeddable":true,"href":"https:\/\/promagrisad-humundi.org\/fr\/wp-json\/wp\/v2\/pages\/322"}],"wp:attachment":[{"href":"https:\/\/promagrisad-humundi.org\/fr\/wp-json\/wp\/v2\/media?parent=755"}],"curies":[{"name":"wp","href":"https:\/\/api.w.org\/{rel}","templated":true}]}}