{"id":287,"date":"2025-11-26T00:17:50","date_gmt":"2025-11-26T00:17:50","guid":{"rendered":"https:\/\/promagrisad-humundi.org\/?page_id=287"},"modified":"2025-12-02T07:33:53","modified_gmt":"2025-12-02T07:33:53","slug":"a-propos","status":"publish","type":"page","link":"https:\/\/promagrisad-humundi.org\/fr\/a-propos\/","title":{"rendered":"\u00c0 propos"},"content":{"rendered":"\t\t<div data-elementor-type=\"wp-page\" data-elementor-id=\"287\" class=\"elementor elementor-287\" data-elementor-post-type=\"page\">\n\t\t\t\t\t\t<section class=\"elementor-section elementor-top-section elementor-element elementor-element-8ecf9f7 elementor-section-height-min-height elementor-section-boxed elementor-section-height-default elementor-section-items-middle\" data-id=\"8ecf9f7\" data-element_type=\"section\" data-e-type=\"section\" data-settings=\"{&quot;background_background&quot;:&quot;classic&quot;}\">\n\t\t\t\t\t\t\t<div class=\"elementor-background-overlay\"><\/div>\n\t\t\t\t\t\t\t<div class=\"elementor-container elementor-column-gap-no\">\n\t\t\t\t\t<div class=\"elementor-column elementor-col-100 elementor-top-column elementor-element elementor-element-4d5c0f0\" data-id=\"4d5c0f0\" data-element_type=\"column\" data-e-type=\"column\">\n\t\t\t<div class=\"elementor-widget-wrap elementor-element-populated\">\n\t\t\t\t\t\t<section class=\"elementor-section elementor-inner-section elementor-element elementor-element-9f82aab elementor-section-boxed elementor-section-height-default elementor-section-height-default\" data-id=\"9f82aab\" data-element_type=\"section\" data-e-type=\"section\">\n\t\t\t\t\t\t<div class=\"elementor-container elementor-column-gap-default\">\n\t\t\t\t\t<div class=\"elementor-column elementor-col-100 elementor-inner-column elementor-element elementor-element-c5031e2\" data-id=\"c5031e2\" data-element_type=\"column\" data-e-type=\"column\">\n\t\t\t<div class=\"elementor-widget-wrap elementor-element-populated\">\n\t\t\t\t\t\t<div class=\"elementor-element elementor-element-6bb18a6 elementor-align-center elementor-widget elementor-widget-breadcrumbs\" data-id=\"6bb18a6\" data-element_type=\"widget\" data-e-type=\"widget\" data-widget_type=\"breadcrumbs.default\">\n\t\t\t\t\t<p id=\"breadcrumbs\"><span><span><a href=\"https:\/\/promagrisad-humundi.org\/\">Accueil<\/a><\/span><\/span><\/p>\t\t\t\t<\/div>\n\t\t\t\t\t<\/div>\n\t\t<\/div>\n\t\t\t\t\t<\/div>\n\t\t<\/section>\n\t\t\t\t\t<\/div>\n\t\t<\/div>\n\t\t\t\t\t<\/div>\n\t\t<\/section>\n\t\t\t\t<section class=\"elementor-section elementor-top-section elementor-element elementor-element-1ce937a elementor-section-boxed elementor-section-height-default elementor-section-height-default\" data-id=\"1ce937a\" data-element_type=\"section\" data-e-type=\"section\" id=\"promagrisad\" data-settings=\"{&quot;background_background&quot;:&quot;classic&quot;}\">\n\t\t\t\t\t\t\t<div class=\"elementor-background-overlay\"><\/div>\n\t\t\t\t\t\t\t<div class=\"elementor-container elementor-column-gap-no\">\n\t\t\t\t\t<div class=\"elementor-column elementor-col-100 elementor-top-column elementor-element elementor-element-9687ff6\" data-id=\"9687ff6\" data-element_type=\"column\" data-e-type=\"column\">\n\t\t\t<div class=\"elementor-widget-wrap elementor-element-populated\">\n\t\t\t\t\t\t<div class=\"elementor-element elementor-element-692a9fa elementor-widget elementor-widget-heading\" data-id=\"692a9fa\" data-element_type=\"widget\" data-e-type=\"widget\" data-widget_type=\"heading.default\">\n\t\t\t\t\t<h2 class=\"elementor-heading-title elementor-size-default\">PROMAGRISAD : Promotion des pratiques agricoles concourant \u00e0 des syst\u00e8mes alimentaires durables.<\/h2>\t\t\t\t<\/div>\n\t\t\t\t<div class=\"elementor-element elementor-element-d5d3ba6 elementor-widget elementor-widget-image\" data-id=\"d5d3ba6\" data-element_type=\"widget\" data-e-type=\"widget\" data-widget_type=\"image.default\">\n\t\t\t\t\t\t\t\t\t\t\t\t<figure class=\"wp-caption\">\n\t\t\t\t\t\t\t\t\t\t<img fetchpriority=\"high\" decoding=\"async\" width=\"1280\" height=\"960\" src=\"https:\/\/promagrisad-humundi.org\/wp-content\/uploads\/2025\/11\/20251024-IMG_0948.webp\" class=\"attachment-full size-full wp-image-300\" alt=\"\" srcset=\"https:\/\/promagrisad-humundi.org\/wp-content\/uploads\/2025\/11\/20251024-IMG_0948.webp 1280w, https:\/\/promagrisad-humundi.org\/wp-content\/uploads\/2025\/11\/20251024-IMG_0948-300x225.webp 300w, https:\/\/promagrisad-humundi.org\/wp-content\/uploads\/2025\/11\/20251024-IMG_0948-1024x768.webp 1024w, https:\/\/promagrisad-humundi.org\/wp-content\/uploads\/2025\/11\/20251024-IMG_0948-768x576.webp 768w\" sizes=\"(max-width: 1280px) 100vw, 1280px\" \/>\t\t\t\t\t\t\t\t\t\t\t<figcaption class=\"widget-image-caption wp-caption-text\">Projection nocturne \u00e0 Gbatikombo, dans le Sud-Ubangi, dans le cadre des activit\u00e9s de sensibilisation \u00e0 la promotion de pratiques agricoles favorisant des syst\u00e8mes alimentaires durables. \u00a9 Humundi<\/figcaption>\n\t\t\t\t\t\t\t\t\t\t<\/figure>\n\t\t\t\t\t\t\t\t\t<\/div>\n\t\t\t\t<div class=\"elementor-element elementor-element-976d70d elementor-widget elementor-widget-text-editor\" data-id=\"976d70d\" data-element_type=\"widget\" data-e-type=\"widget\" data-widget_type=\"text-editor.default\">\n\t\t\t\t\t\t\t\t\t<p><span style=\"font-weight: 400;\">Le projet \u00ab <span style=\"text-decoration: underline;\"><strong>Promotion des pratiques agricoles concourant \u00e0 des syst\u00e8mes alimentaires durables<\/strong><\/span> \u00bb vise \u00e0 renforcer la s\u00e9curit\u00e9 alimentaire et promouvoir l\u2019agro\u00e9cologie dans cinq provinces de la <span style=\"text-decoration: underline;\"><strong>R\u00e9publique D\u00e9mocratique du Congo (Kasa\u00ef-Oriental, Lomami, Sud-Ubangi, Sud-Kivu et Tshopo).<\/strong><\/span> En collaboration avec <span style=\"text-decoration: underline;\"><strong>Enabel et Humundi<\/strong><\/span>, il s\u2019inscrit dans le cadre du Pilier 3 du portefeuille de coop\u00e9ration bilat\u00e9rale <span style=\"text-decoration: underline;\"><strong>RDC-Belgique (2023-2027)<\/strong><\/span>, mettant l\u2019accent sur une agriculture durable et \u00e9conomiquement viable pour r\u00e9pondre aux d\u00e9fis climatiques et sociaux. Les activit\u00e9s incluent la production de contenus multim\u00e9dias <span style=\"text-decoration: underline;\"><strong>(6 films documentaires et 6 podcasts en 3 langues locales)<\/strong><\/span>, des campagnes de<\/span> <span style=\"font-weight: 400;\">sensibilisation via <span style=\"text-decoration: underline;\"><strong>50 projections-d\u00e9bats et le Festival AlimenTerre<\/strong><\/span>, ainsi que des actions de plaidoyer cibl\u00e9es pour influencer les d\u00e9cideurs et soutenir la transition agro\u00e9cologique.<\/span><\/p>\t\t\t\t\t\t\t\t<\/div>\n\t\t\t\t<div class=\"elementor-element elementor-element-fec7088 elementor-widget elementor-widget-text-editor\" data-id=\"fec7088\" data-element_type=\"widget\" data-e-type=\"widget\" data-widget_type=\"text-editor.default\">\n\t\t\t\t\t\t\t\t\t<p><span style=\"font-weight: 400;\">Gr\u00e2ce \u00e0 une approche inclusive et participative, le projet sensibilise directement et indirectement <span style=\"text-decoration: underline;\"><strong>50 000 personnes, valorise 12 pratiques agro\u00e9cologiques, et mobilise les f\u00e9d\u00e9rations paysannes repr\u00e9sentant 500 000 membres de la Conf\u00e9d\u00e9ration Nationale des Producteurs Agricoles du Congo (CONAPAC)<\/strong><\/span>. Avec un accent sur la durabilit\u00e9 \u00e9conomique, institutionnelle et environnementale, ce projet vise \u00e0 p\u00e9renniser des syst\u00e8mes alimentaires \u00e9quitables, renforcer la r\u00e9silience des communaut\u00e9s rurales, et promouvoir une agriculture respectueuse des sols, de l\u2019eau et de la biodiversit\u00e9.<\/span><\/p>\t\t\t\t\t\t\t\t<\/div>\n\t\t\t\t\t<\/div>\n\t\t<\/div>\n\t\t\t\t\t<\/div>\n\t\t<\/section>\n\t\t\t\t<section class=\"elementor-section elementor-top-section elementor-element elementor-element-d9d94b3 elementor-section-boxed elementor-section-height-default elementor-section-height-default\" data-id=\"d9d94b3\" data-element_type=\"section\" data-e-type=\"section\">\n\t\t\t\t\t\t\t<div class=\"elementor-background-overlay\"><\/div>\n\t\t\t\t\t\t\t<div class=\"elementor-container elementor-column-gap-default\">\n\t\t\t\t\t<div class=\"elementor-column elementor-col-100 elementor-top-column elementor-element elementor-element-fc08c4e\" data-id=\"fc08c4e\" data-element_type=\"column\" data-e-type=\"column\">\n\t\t\t<div class=\"elementor-widget-wrap elementor-element-populated\">\n\t\t\t\t\t\t<div class=\"elementor-element elementor-element-375fb62 elementor-widget elementor-widget-heading\" data-id=\"375fb62\" data-element_type=\"widget\" data-e-type=\"widget\" data-widget_type=\"heading.default\">\n\t\t\t\t\t<h2 class=\"elementor-heading-title elementor-size-default\">Regarder le film.<\/h2>\t\t\t\t<\/div>\n\t\t\t\t<div class=\"elementor-element elementor-element-539be70 elementor-widget elementor-widget-video\" data-id=\"539be70\" data-element_type=\"widget\" data-e-type=\"widget\" data-settings=\"{&quot;youtube_url&quot;:&quot;https:\\\/\\\/youtu.be\\\/ko-StfWEXfo&quot;,&quot;show_image_overlay&quot;:&quot;yes&quot;,&quot;image_overlay&quot;:{&quot;url&quot;:&quot;https:\\\/\\\/promagrisad-humundi.org\\\/wp-content\\\/uploads\\\/2025\\\/11\\\/LAGROFORESTERIE.png&quot;,&quot;id&quot;:472,&quot;size&quot;:&quot;&quot;,&quot;alt&quot;:&quot;&quot;,&quot;source&quot;:&quot;library&quot;},&quot;video_type&quot;:&quot;youtube&quot;,&quot;controls&quot;:&quot;yes&quot;}\" data-widget_type=\"video.default\">\n\t\t\t\t\t\t\t<div class=\"elementor-wrapper elementor-open-inline\">\n\t\t\t<div class=\"elementor-video\"><\/div>\t\t\t\t<div class=\"elementor-custom-embed-image-overlay\" style=\"background-image: url(https:\/\/promagrisad-humundi.org\/wp-content\/uploads\/2025\/11\/LAGROFORESTERIE.png);\">\n\t\t\t\t\t\t\t\t\t\t\t\t\t\t\t\t<div class=\"elementor-custom-embed-play\" role=\"button\" aria-label=\"Lire la vid\u00e9o\" tabindex=\"0\">\n\t\t\t\t\t\t\t<svg aria-hidden=\"true\" class=\"e-font-icon-svg e-eicon-play\" viewBox=\"0 0 1000 1000\" xmlns=\"http:\/\/www.w3.org\/2000\/svg\"><path d=\"M838 162C746 71 633 25 500 25 371 25 258 71 163 162 71 254 25 367 25 500 25 633 71 746 163 837 254 929 367 979 500 979 633 979 746 933 838 837 929 746 975 633 975 500 975 367 929 254 838 162M808 192C892 279 933 379 933 500 933 621 892 725 808 808 725 892 621 938 500 938 379 938 279 896 196 808 113 725 67 621 67 500 67 379 108 279 196 192 279 108 383 62 500 62 621 62 721 108 808 192M438 392V642L642 517 438 392Z\"><\/path><\/svg>\t\t\t\t\t\t<\/div>\n\t\t\t\t\t\t\t\t\t<\/div>\n\t\t\t\t\t<\/div>\n\t\t\t\t\t\t<\/div>\n\t\t\t\t\t<\/div>\n\t\t<\/div>\n\t\t\t\t\t<\/div>\n\t\t<\/section>\n\t\t\t\t<\/div>\n\t\t","protected":false},"excerpt":{"rendered":"<p>PROMAGRISAD : Promotion des pratiques agricoles concourant \u00e0 des syst\u00e8mes alimentaires durables. Projection nocturne \u00e0 Gbatikombo, dans le Sud-Ubangi, dans le cadre des activit\u00e9s de sensibilisation \u00e0 la promotion de pratiques agricoles favorisant des syst\u00e8mes alimentaires durables. \u00a9 Humundi Le projet \u00ab Promotion des pratiques agricoles concourant \u00e0 des syst\u00e8mes alimentaires durables \u00bb vise \u00e0 [&hellip;]<\/p>\n","protected":false},"author":2,"featured_media":0,"parent":0,"menu_order":0,"comment_status":"closed","ping_status":"open","template":"elementor_header_footer","meta":{"footnotes":""},"class_list":["post-287","page","type-page","status-publish","hentry"],"yoast_head":"<!-- This site is optimized with the Yoast SEO plugin v27.5 - https:\/\/yoast.com\/product\/yoast-seo-wordpress\/ -->\n<title>\u00c0 propos | #Promagrisad<\/title>\n<meta name=\"robots\" content=\"index, follow, max-snippet:-1, max-image-preview:large, max-video-preview:-1\" \/>\n<link rel=\"canonical\" href=\"https:\/\/promagrisad-humundi.org\/fr\/a-propos\/\" \/>\n<meta property=\"og:locale\" content=\"fr_FR\" \/>\n<meta property=\"og:type\" content=\"article\" \/>\n<meta property=\"og:title\" content=\"\u00c0 propos | #Promagrisad\" \/>\n<meta property=\"og:description\" content=\"PROMAGRISAD : Promotion des pratiques agricoles concourant \u00e0 des syst\u00e8mes alimentaires durables. Projection nocturne \u00e0 Gbatikombo, dans le Sud-Ubangi, dans le cadre des activit\u00e9s de sensibilisation \u00e0 la promotion de pratiques agricoles favorisant des syst\u00e8mes alimentaires durables. \u00a9 Humundi Le projet \u00ab Promotion des pratiques agricoles concourant \u00e0 des syst\u00e8mes alimentaires durables \u00bb vise \u00e0 [&hellip;]\" \/>\n<meta property=\"og:url\" content=\"https:\/\/promagrisad-humundi.org\/fr\/a-propos\/\" \/>\n<meta property=\"og:site_name\" content=\"#Promagrisad\" \/>\n<meta property=\"article:publisher\" content=\"https:\/\/www.facebook.com\/humundi.ngo\/\" \/>\n<meta property=\"article:modified_time\" content=\"2025-12-02T07:33:53+00:00\" \/>\n<meta property=\"og:image\" content=\"https:\/\/promagrisad-humundi.org\/wp-content\/uploads\/2025\/11\/20251024-IMG_0948.webp\" \/>\n\t<meta property=\"og:image:width\" content=\"1280\" \/>\n\t<meta property=\"og:image:height\" content=\"960\" \/>\n\t<meta property=\"og:image:type\" content=\"image\/webp\" \/>\n<meta name=\"twitter:card\" content=\"summary_large_image\" \/>\n<meta name=\"twitter:label1\" content=\"Dur\u00e9e de lecture estim\u00e9e\" \/>\n\t<meta name=\"twitter:data1\" content=\"2 minutes\" \/>\n<script type=\"application\/ld+json\" class=\"yoast-schema-graph\">{\"@context\":\"https:\\\/\\\/schema.org\",\"@graph\":[{\"@type\":\"WebPage\",\"@id\":\"https:\\\/\\\/promagrisad-humundi.org\\\/a-propos\\\/\",\"url\":\"https:\\\/\\\/promagrisad-humundi.org\\\/a-propos\\\/\",\"name\":\"\u00c0 propos | #Promagrisad\",\"isPartOf\":{\"@id\":\"https:\\\/\\\/promagrisad-humundi.org\\\/#website\"},\"primaryImageOfPage\":{\"@id\":\"https:\\\/\\\/promagrisad-humundi.org\\\/a-propos\\\/#primaryimage\"},\"image\":{\"@id\":\"https:\\\/\\\/promagrisad-humundi.org\\\/a-propos\\\/#primaryimage\"},\"thumbnailUrl\":\"https:\\\/\\\/promagrisad-humundi.org\\\/wp-content\\\/uploads\\\/2025\\\/11\\\/20251024-IMG_0948.webp\",\"datePublished\":\"2025-11-26T00:17:50+00:00\",\"dateModified\":\"2025-12-02T07:33:53+00:00\",\"breadcrumb\":{\"@id\":\"https:\\\/\\\/promagrisad-humundi.org\\\/a-propos\\\/#breadcrumb\"},\"inLanguage\":\"fr-FR\",\"potentialAction\":[{\"@type\":\"ReadAction\",\"target\":[\"https:\\\/\\\/promagrisad-humundi.org\\\/a-propos\\\/\"]}]},{\"@type\":\"ImageObject\",\"inLanguage\":\"fr-FR\",\"@id\":\"https:\\\/\\\/promagrisad-humundi.org\\\/a-propos\\\/#primaryimage\",\"url\":\"https:\\\/\\\/promagrisad-humundi.org\\\/wp-content\\\/uploads\\\/2025\\\/11\\\/20251024-IMG_0948.webp\",\"contentUrl\":\"https:\\\/\\\/promagrisad-humundi.org\\\/wp-content\\\/uploads\\\/2025\\\/11\\\/20251024-IMG_0948.webp\"},{\"@type\":\"BreadcrumbList\",\"@id\":\"https:\\\/\\\/promagrisad-humundi.org\\\/a-propos\\\/#breadcrumb\",\"itemListElement\":[{\"@type\":\"ListItem\",\"position\":1,\"name\":\"Accueil\",\"item\":\"https:\\\/\\\/promagrisad-humundi.org\\\/\"},{\"@type\":\"ListItem\",\"position\":2,\"name\":\"\u00c0 propos\"}]},{\"@type\":\"WebSite\",\"@id\":\"https:\\\/\\\/promagrisad-humundi.org\\\/#website\",\"url\":\"https:\\\/\\\/promagrisad-humundi.org\\\/\",\"name\":\"#Promagrisad\",\"description\":\"Agro\u00e9cologie en RDC : L\u2019agroforesterie comme avenir durable.\",\"publisher\":{\"@id\":\"https:\\\/\\\/promagrisad-humundi.org\\\/#organization\"},\"potentialAction\":[{\"@type\":\"SearchAction\",\"target\":{\"@type\":\"EntryPoint\",\"urlTemplate\":\"https:\\\/\\\/promagrisad-humundi.org\\\/?s={search_term_string}\"},\"query-input\":{\"@type\":\"PropertyValueSpecification\",\"valueRequired\":true,\"valueName\":\"search_term_string\"}}],\"inLanguage\":\"fr-FR\"},{\"@type\":\"Organization\",\"@id\":\"https:\\\/\\\/promagrisad-humundi.org\\\/#organization\",\"name\":\"#Promagrisad\",\"url\":\"https:\\\/\\\/promagrisad-humundi.org\\\/\",\"logo\":{\"@type\":\"ImageObject\",\"inLanguage\":\"fr-FR\",\"@id\":\"https:\\\/\\\/promagrisad-humundi.org\\\/#\\\/schema\\\/logo\\\/image\\\/\",\"url\":\"https:\\\/\\\/promagrisad-humundi.org\\\/wp-content\\\/uploads\\\/2025\\\/11\\\/PROMAGRISAD_LOGOS.png\",\"contentUrl\":\"https:\\\/\\\/promagrisad-humundi.org\\\/wp-content\\\/uploads\\\/2025\\\/11\\\/PROMAGRISAD_LOGOS.png\",\"width\":2340,\"height\":540,\"caption\":\"#Promagrisad\"},\"image\":{\"@id\":\"https:\\\/\\\/promagrisad-humundi.org\\\/#\\\/schema\\\/logo\\\/image\\\/\"},\"sameAs\":[\"https:\\\/\\\/www.facebook.com\\\/humundi.ngo\\\/\",\"https:\\\/\\\/www.instagram.com\\\/humundi_ong\",\"https:\\\/\\\/www.linkedin.com\\\/company\\\/humundi\\\/\",\"https:\\\/\\\/www.youtube.com\\\/@promagrisad\"]}]}<\/script>\n<!-- \/ Yoast SEO plugin. -->","yoast_head_json":{"title":"\u00c0 propos | #Promagrisad","robots":{"index":"index","follow":"follow","max-snippet":"max-snippet:-1","max-image-preview":"max-image-preview:large","max-video-preview":"max-video-preview:-1"},"canonical":"https:\/\/promagrisad-humundi.org\/fr\/a-propos\/","og_locale":"fr_FR","og_type":"article","og_title":"\u00c0 propos | #Promagrisad","og_description":"PROMAGRISAD : Promotion des pratiques agricoles concourant \u00e0 des syst\u00e8mes alimentaires durables. Projection nocturne \u00e0 Gbatikombo, dans le Sud-Ubangi, dans le cadre des activit\u00e9s de sensibilisation \u00e0 la promotion de pratiques agricoles favorisant des syst\u00e8mes alimentaires durables. \u00a9 Humundi Le projet \u00ab Promotion des pratiques agricoles concourant \u00e0 des syst\u00e8mes alimentaires durables \u00bb vise \u00e0 [&hellip;]","og_url":"https:\/\/promagrisad-humundi.org\/fr\/a-propos\/","og_site_name":"#Promagrisad","article_publisher":"https:\/\/www.facebook.com\/humundi.ngo\/","article_modified_time":"2025-12-02T07:33:53+00:00","og_image":[{"width":1280,"height":960,"url":"https:\/\/promagrisad-humundi.org\/wp-content\/uploads\/2025\/11\/20251024-IMG_0948.webp","type":"image\/webp"}],"twitter_card":"summary_large_image","twitter_misc":{"Dur\u00e9e de lecture estim\u00e9e":"2 minutes"},"schema":{"@context":"https:\/\/schema.org","@graph":[{"@type":"WebPage","@id":"https:\/\/promagrisad-humundi.org\/a-propos\/","url":"https:\/\/promagrisad-humundi.org\/a-propos\/","name":"\u00c0 propos | #Promagrisad","isPartOf":{"@id":"https:\/\/promagrisad-humundi.org\/#website"},"primaryImageOfPage":{"@id":"https:\/\/promagrisad-humundi.org\/a-propos\/#primaryimage"},"image":{"@id":"https:\/\/promagrisad-humundi.org\/a-propos\/#primaryimage"},"thumbnailUrl":"https:\/\/promagrisad-humundi.org\/wp-content\/uploads\/2025\/11\/20251024-IMG_0948.webp","datePublished":"2025-11-26T00:17:50+00:00","dateModified":"2025-12-02T07:33:53+00:00","breadcrumb":{"@id":"https:\/\/promagrisad-humundi.org\/a-propos\/#breadcrumb"},"inLanguage":"fr-FR","potentialAction":[{"@type":"ReadAction","target":["https:\/\/promagrisad-humundi.org\/a-propos\/"]}]},{"@type":"ImageObject","inLanguage":"fr-FR","@id":"https:\/\/promagrisad-humundi.org\/a-propos\/#primaryimage","url":"https:\/\/promagrisad-humundi.org\/wp-content\/uploads\/2025\/11\/20251024-IMG_0948.webp","contentUrl":"https:\/\/promagrisad-humundi.org\/wp-content\/uploads\/2025\/11\/20251024-IMG_0948.webp"},{"@type":"BreadcrumbList","@id":"https:\/\/promagrisad-humundi.org\/a-propos\/#breadcrumb","itemListElement":[{"@type":"ListItem","position":1,"name":"Accueil","item":"https:\/\/promagrisad-humundi.org\/"},{"@type":"ListItem","position":2,"name":"\u00c0 propos"}]},{"@type":"WebSite","@id":"https:\/\/promagrisad-humundi.org\/#website","url":"https:\/\/promagrisad-humundi.org\/","name":"#Promagrisad","description":"Agro\u00e9cologie en RDC : L\u2019agroforesterie comme avenir durable.","publisher":{"@id":"https:\/\/promagrisad-humundi.org\/#organization"},"potentialAction":[{"@type":"SearchAction","target":{"@type":"EntryPoint","urlTemplate":"https:\/\/promagrisad-humundi.org\/?s={search_term_string}"},"query-input":{"@type":"PropertyValueSpecification","valueRequired":true,"valueName":"search_term_string"}}],"inLanguage":"fr-FR"},{"@type":"Organization","@id":"https:\/\/promagrisad-humundi.org\/#organization","name":"#Promagrisad","url":"https:\/\/promagrisad-humundi.org\/","logo":{"@type":"ImageObject","inLanguage":"fr-FR","@id":"https:\/\/promagrisad-humundi.org\/#\/schema\/logo\/image\/","url":"https:\/\/promagrisad-humundi.org\/wp-content\/uploads\/2025\/11\/PROMAGRISAD_LOGOS.png","contentUrl":"https:\/\/promagrisad-humundi.org\/wp-content\/uploads\/2025\/11\/PROMAGRISAD_LOGOS.png","width":2340,"height":540,"caption":"#Promagrisad"},"image":{"@id":"https:\/\/promagrisad-humundi.org\/#\/schema\/logo\/image\/"},"sameAs":["https:\/\/www.facebook.com\/humundi.ngo\/","https:\/\/www.instagram.com\/humundi_ong","https:\/\/www.linkedin.com\/company\/humundi\/","https:\/\/www.youtube.com\/@promagrisad"]}]}},"_links":{"self":[{"href":"https:\/\/promagrisad-humundi.org\/fr\/wp-json\/wp\/v2\/pages\/287","targetHints":{"allow":["GET"]}}],"collection":[{"href":"https:\/\/promagrisad-humundi.org\/fr\/wp-json\/wp\/v2\/pages"}],"about":[{"href":"https:\/\/promagrisad-humundi.org\/fr\/wp-json\/wp\/v2\/types\/page"}],"author":[{"embeddable":true,"href":"https:\/\/promagrisad-humundi.org\/fr\/wp-json\/wp\/v2\/users\/2"}],"replies":[{"embeddable":true,"href":"https:\/\/promagrisad-humundi.org\/fr\/wp-json\/wp\/v2\/comments?post=287"}],"version-history":[{"count":0,"href":"https:\/\/promagrisad-humundi.org\/fr\/wp-json\/wp\/v2\/pages\/287\/revisions"}],"wp:attachment":[{"href":"https:\/\/promagrisad-humundi.org\/fr\/wp-json\/wp\/v2\/media?parent=287"}],"curies":[{"name":"wp","href":"https:\/\/api.w.org\/{rel}","templated":true}]}}